{"id":801,"date":"2016-02-13T17:40:24","date_gmt":"2016-02-13T16:40:24","guid":{"rendered":"https:\/\/www.bedandbreakfastrodi.com\/de\/dove-siamo\/"},"modified":"2020-12-18T12:34:15","modified_gmt":"2020-12-18T11:34:15","slug":"wo-wir-sind","status":"publish","type":"page","link":"https:\/\/www.bedandbreakfastrodi.com\/de\/wo-wir-sind\/","title":{"rendered":"Wo wir sind"},"content":{"rendered":"\n<style type=\"text\/css\" data-created_by=\"avia_inline_auto\" id=\"style-css-av-2xez44-3533b00255dc27bd5a4bbfa27fa4e179\">\n.avia-section.av-2xez44-3533b00255dc27bd5a4bbfa27fa4e179{\nbackground-repeat:no-repeat;\nbackground-image:url(https:\/\/www.bedandbreakfastrodi.com\/wp-content\/uploads\/2020\/11\/Rodi-BB-vista-mare-1.jpg);\nbackground-position:50% 50%;\nbackground-attachment:scroll;\n}\n.avia-section.av-2xez44-3533b00255dc27bd5a4bbfa27fa4e179 .av-section-color-overlay{\nopacity:0.3;\nbackground-color:#000000;\n}\n<\/style>\n<div id='av_section_1'  class='avia-section av-2xez44-3533b00255dc27bd5a4bbfa27fa4e179 main_color avia-section-small avia-no-shadow  avia-builder-el-0  el_before_av_section  avia-builder-el-first  avia-full-stretch avia-bg-style-scroll av-section-color-overlay-active av-minimum-height av-minimum-height-custom av-height-custom  container_wrap sidebar_right'  data-section-bg-repeat='stretch' data-av_minimum_height_px='250'><div class=\"av-section-color-overlay-wrap\"><div class=\"av-section-color-overlay\"><\/div><div class='container av-section-cont-open' style='height:250px'><main  role=\"main\" itemprop=\"mainContentOfPage\"  class='template-page content  av-content-small alpha units'><div class='post-entry post-entry-type-page post-entry-801'><div class='entry-content-wrapper clearfix'>\n\n<style type=\"text\/css\" data-created_by=\"avia_inline_auto\" id=\"style-css-av-kiu6xs7u-d7515bce052341417a23f1c55d524f5c\">\n#top .av-special-heading.av-kiu6xs7u-d7515bce052341417a23f1c55d524f5c{\npadding-bottom:10px;\ncolor:#ffffff;\nfont-size:50px;\n}\nbody .av-special-heading.av-kiu6xs7u-d7515bce052341417a23f1c55d524f5c .av-special-heading-tag .heading-char{\nfont-size:25px;\n}\n#top #wrap_all .av-special-heading.av-kiu6xs7u-d7515bce052341417a23f1c55d524f5c .av-special-heading-tag{\nfont-size:50px;\n}\n.av-special-heading.av-kiu6xs7u-d7515bce052341417a23f1c55d524f5c .special-heading-inner-border{\nborder-color:#ffffff;\n}\n.av-special-heading.av-kiu6xs7u-d7515bce052341417a23f1c55d524f5c .av-subheading{\nfont-size:20px;\n}\n\n@media only screen and (min-width: 480px) and (max-width: 767px){ \n#top #wrap_all .av-special-heading.av-kiu6xs7u-d7515bce052341417a23f1c55d524f5c .av-special-heading-tag{\nfont-size:0.8em;\n}\n}\n\n@media only screen and (max-width: 479px){ \n#top #wrap_all .av-special-heading.av-kiu6xs7u-d7515bce052341417a23f1c55d524f5c .av-special-heading-tag{\nfont-size:0.8em;\n}\n}\n<\/style>\n<div  class='av-special-heading av-kiu6xs7u-d7515bce052341417a23f1c55d524f5c av-special-heading-h1 custom-color-heading blockquote modern-quote modern-centered  avia-builder-el-1  avia-builder-el-no-sibling  av-inherit-size'><h1 class='av-special-heading-tag '  itemprop=\"headline\"  >Das Bouganville Bed <span class='special_amp'>&amp;<\/span> Breakfast \u2013 Apartment befindet sich in Stegna Beach<\/h1><div class='av_custom_color av-subheading av-subheading_below'><p>Badeort der Gemeinde ARCHANGELOS auf der Insel Rhodos<\/p>\n<\/div><div class=\"special-heading-border\"><div class=\"special-heading-inner-border\"><\/div><\/div><\/div>\n<\/div><\/div><\/main><!-- close content main element --><\/div><\/div><\/div>\n<style type=\"text\/css\" data-created_by=\"avia_inline_auto\" id=\"style-css-av-2lajp0-41e20c9092f73bae7397c3b9d2991538\">\n.avia-section.av-2lajp0-41e20c9092f73bae7397c3b9d2991538{\nbackground-color:#f4f4f4;\nbackground-image:url(https:\/\/www.bedandbreakfastrodi.com\/wp-content\/uploads\/2016\/01\/sfondo-appartamenti-rodi-grecia.png);\nbackground-repeat:no-repeat;\nbackground-position:100% 100%;\nbackground-attachment:fixed;\n}\n.avia-section.av-2lajp0-41e20c9092f73bae7397c3b9d2991538 .av-extra-border-element .av-extra-border-inner{\nbackground-color:#f4f4f4;\n}\n<\/style>\n<div id='av_section_2'  class='avia-section av-2lajp0-41e20c9092f73bae7397c3b9d2991538 main_color avia-section-default avia-no-border-styling  avia-builder-el-2  el_after_av_section  el_before_av_button_big  avia-bg-style-fixed av-arrow-down-section container_wrap sidebar_right'  data-section-bg-repeat='no-repeat'><div class='container av-section-cont-open' ><div class='template-page content  av-content-small alpha units'><div class='post-entry post-entry-type-page post-entry-801'><div class='entry-content-wrapper clearfix'>\n\n<style type=\"text\/css\" data-created_by=\"avia_inline_auto\" id=\"style-css-av-2gg5x0-c5cffa5c32973b182c654e8326db6f8f\">\n.flex_column.av-2gg5x0-c5cffa5c32973b182c654e8326db6f8f{\nborder-radius:0px 0px 0px 0px;\npadding:0px 0px 0px 0px;\n}\n<\/style>\n<div  class='flex_column av-2gg5x0-c5cffa5c32973b182c654e8326db6f8f av_one_third  avia-builder-el-3  el_before_av_one_third  avia-builder-el-first  first flex_column_div av-zero-column-padding  '     ><p>\n<style type=\"text\/css\" data-created_by=\"avia_inline_auto\" id=\"style-css-av-kiu70an1-71ec9bbc3db575d4b28a76ac15f3a27b\">\n#top .av-special-heading.av-kiu70an1-71ec9bbc3db575d4b28a76ac15f3a27b{\npadding-bottom:10px;\nfont-size:40px;\n}\nbody .av-special-heading.av-kiu70an1-71ec9bbc3db575d4b28a76ac15f3a27b .av-special-heading-tag .heading-char{\nfont-size:25px;\n}\n#top #wrap_all .av-special-heading.av-kiu70an1-71ec9bbc3db575d4b28a76ac15f3a27b .av-special-heading-tag{\nfont-size:40px;\n}\n.av-special-heading.av-kiu70an1-71ec9bbc3db575d4b28a76ac15f3a27b .av-subheading{\nfont-size:15px;\n}\n\n@media only screen and (min-width: 480px) and (max-width: 767px){ \n#top #wrap_all .av-special-heading.av-kiu70an1-71ec9bbc3db575d4b28a76ac15f3a27b .av-special-heading-tag{\nfont-size:0.8em;\n}\n}\n\n@media only screen and (max-width: 479px){ \n#top #wrap_all .av-special-heading.av-kiu70an1-71ec9bbc3db575d4b28a76ac15f3a27b .av-special-heading-tag{\nfont-size:0.8em;\n}\n}\n<\/style>\n<div  class='av-special-heading av-kiu70an1-71ec9bbc3db575d4b28a76ac15f3a27b av-special-heading-h1 blockquote modern-quote modern-centered  avia-builder-el-4  el_before_av_textblock  avia-builder-el-first  av-inherit-size'><h1 class='av-special-heading-tag '  itemprop=\"headline\"  >Ideale Lage<\/h1><div class=\"special-heading-border\"><div class=\"special-heading-inner-border\"><\/div><\/div><\/div><br \/>\n<section  class='av_textblock_section av-21z0cc-5cd9c2273932976ea641c33b4cc13684 '   itemscope=\"itemscope\" itemtype=\"https:\/\/schema.org\/CreativeWork\" ><div class='avia_textblock'  itemprop=\"text\" ><p style=\"text-align: center;\">ARCHANGELOS ist nach Rhodos die gr\u00f6\u00dfte Stadt der Insel. In ARCHANGELOS finden Sie alles, was Sie w\u00e4hrend Ihres Aufenthalts ben\u00f6tigen; es gibt auch eine Erste-Hilfe-Dienststelle und eine Kinderklinik mit qualifiziertem medizinischem Personal. Wir befinden uns in einer idealen Position, um die gesamte Insel zu besuchen, da wir etwa 30 km von der Stadt Rhodos und etwa 20 km von der Stadt Lindos entfernt liegen.<\/p>\n<\/div><\/section><\/p><\/div>\n<style type=\"text\/css\" data-created_by=\"avia_inline_auto\" id=\"style-css-av-1uk0gk-fbbc61314f44929ee4f8c3354b1d117c\">\n.flex_column.av-1uk0gk-fbbc61314f44929ee4f8c3354b1d117c{\nborder-radius:0px 0px 0px 0px;\npadding:0px 0px 0px 0px;\n}\n<\/style>\n<div  class='flex_column av-1uk0gk-fbbc61314f44929ee4f8c3354b1d117c av_one_third  avia-builder-el-6  el_after_av_one_third  el_before_av_one_third  flex_column_div av-zero-column-padding  '     ><p>\n<style type=\"text\/css\" data-created_by=\"avia_inline_auto\" id=\"style-css-av-kiu702di-5705a071bcd24f97da677f1f37e914fe\">\n#top .av-special-heading.av-kiu702di-5705a071bcd24f97da677f1f37e914fe{\npadding-bottom:10px;\nfont-size:40px;\n}\nbody .av-special-heading.av-kiu702di-5705a071bcd24f97da677f1f37e914fe .av-special-heading-tag .heading-char{\nfont-size:25px;\n}\n#top #wrap_all .av-special-heading.av-kiu702di-5705a071bcd24f97da677f1f37e914fe .av-special-heading-tag{\nfont-size:40px;\n}\n.av-special-heading.av-kiu702di-5705a071bcd24f97da677f1f37e914fe .av-subheading{\nfont-size:15px;\n}\n\n@media only screen and (min-width: 480px) and (max-width: 767px){ \n#top #wrap_all .av-special-heading.av-kiu702di-5705a071bcd24f97da677f1f37e914fe .av-special-heading-tag{\nfont-size:0.8em;\n}\n}\n\n@media only screen and (max-width: 479px){ \n#top #wrap_all .av-special-heading.av-kiu702di-5705a071bcd24f97da677f1f37e914fe .av-special-heading-tag{\nfont-size:0.8em;\n}\n}\n<\/style>\n<div  class='av-special-heading av-kiu702di-5705a071bcd24f97da677f1f37e914fe av-special-heading-h1 blockquote modern-quote modern-centered  avia-builder-el-7  el_before_av_textblock  avia-builder-el-first  av-inherit-size'><h1 class='av-special-heading-tag '  itemprop=\"headline\"  >Sonne, Meer <span class='special_amp'>&amp;<\/span> Entspannung<\/h1><div class=\"special-heading-border\"><div class=\"special-heading-inner-border\"><\/div><\/div><\/div><br \/>\n<section  class='av_textblock_section av-1jqp10-fca45bd5ecbeae0b81cab46488aa5092 '   itemscope=\"itemscope\" itemtype=\"https:\/\/schema.org\/CreativeWork\" ><div class='avia_textblock'  itemprop=\"text\" ><p style=\"text-align: center;\">Unsere Einrichtung befindet sich an einem super panoramischen und dominierenden Standort an der Stegna-Bucht.<\/p>\n<p style=\"text-align: center;\">Die Anlage von ca. 4200 Quadratmetern Land, ein Teil davon als Olivenhain, mit einer angrenzenden gro\u00dfen Villa, die sp\u00e4ter in ein mit allem Komfort ausgestattetes Bed &amp; Breakfast umgewandelt wurde, und dem \u00dcberlaufpool mit Blick aufs Meer, in einer Position absoluter Ruhe, bietet den besten Blick auf diesen herrlichen Ort, mit 4 Zimmern und der Wohnung mit Meeresblick und 1 Zimmer mit Gartenblick.<\/p>\n<\/div><\/section><\/p><\/div>\n<style type=\"text\/css\" data-created_by=\"avia_inline_auto\" id=\"style-css-av-1elx0s-b0fbfa315b149da79de1c99336d0e460\">\n.flex_column.av-1elx0s-b0fbfa315b149da79de1c99336d0e460{\nborder-radius:0px 0px 0px 0px;\npadding:0px 0px 0px 0px;\n}\n<\/style>\n<div  class='flex_column av-1elx0s-b0fbfa315b149da79de1c99336d0e460 av_one_third  avia-builder-el-9  el_after_av_one_third  avia-builder-el-last  flex_column_div av-zero-column-padding  '     ><p>\n<style type=\"text\/css\" data-created_by=\"avia_inline_auto\" id=\"style-css-av-kiu6zu4l-4c6524982d02763f6c485f5bc535ae5a\">\n#top .av-special-heading.av-kiu6zu4l-4c6524982d02763f6c485f5bc535ae5a{\npadding-bottom:10px;\nfont-size:40px;\n}\nbody .av-special-heading.av-kiu6zu4l-4c6524982d02763f6c485f5bc535ae5a .av-special-heading-tag .heading-char{\nfont-size:25px;\n}\n#top #wrap_all .av-special-heading.av-kiu6zu4l-4c6524982d02763f6c485f5bc535ae5a .av-special-heading-tag{\nfont-size:40px;\n}\n.av-special-heading.av-kiu6zu4l-4c6524982d02763f6c485f5bc535ae5a .av-subheading{\nfont-size:15px;\n}\n\n@media only screen and (min-width: 480px) and (max-width: 767px){ \n#top #wrap_all .av-special-heading.av-kiu6zu4l-4c6524982d02763f6c485f5bc535ae5a .av-special-heading-tag{\nfont-size:0.8em;\n}\n}\n\n@media only screen and (max-width: 479px){ \n#top #wrap_all .av-special-heading.av-kiu6zu4l-4c6524982d02763f6c485f5bc535ae5a .av-special-heading-tag{\nfont-size:0.8em;\n}\n}\n<\/style>\n<div  class='av-special-heading av-kiu6zu4l-4c6524982d02763f6c485f5bc535ae5a av-special-heading-h1 blockquote modern-quote modern-centered  avia-builder-el-10  el_before_av_textblock  avia-builder-el-first  av-inherit-size'><h1 class='av-special-heading-tag '  itemprop=\"headline\"  >Komfort und Traditionen<\/h1><div class=\"special-heading-border\"><div class=\"special-heading-inner-border\"><\/div><\/div><\/div><br \/>\n<section  class='av_textblock_section av-3qlys-9373beb927001b862d7306e6c93c7fc1 '   itemscope=\"itemscope\" itemtype=\"https:\/\/schema.org\/CreativeWork\" ><div class='avia_textblock'  itemprop=\"text\" ><p style=\"text-align: center;\">1500 Meter entfernt befindet sich die Stadt Archangelos, in der Sie Superm\u00e4rkte, Gesch\u00e4fte und alles finden k\u00f6nnen, was Sie w\u00e4hrend Ihres Urlaubs ben\u00f6tigen.<\/p>\n<p style=\"text-align: center;\">1900 Meter entfernt, in wenigen Minuten mit dem Auto oder dem Motorrad leicht zu erreichen, befindet sich Stegna-Beach, wo Sie \u00f6rtliche Kunsthandwerksl\u00e4den sowie Auto- und Motorrad-Vermietungen finden k\u00f6nnen, um die Insel in voller Autonomie zu besuchen; dar\u00fcberhinaus auch die typischen griechischen Tavernen, in denen Sie die typische lokale K\u00fcche gemie\u00dfen k\u00f6nnen.<\/p>\n<\/div><\/section><\/p><\/div><div  class='avia-button-wrap avia-button-center  avia-builder-el-12  el_after_av_section  el_before_av_section '>\n<style type=\"text\/css\" data-created_by=\"avia_inline_auto\" id=\"style-css-av-v9ey4-07a6657c6a34cdb04e6106100bfee115\">\n#top #wrap_all .avia-button.av-v9ey4-07a6657c6a34cdb04e6106100bfee115:hover{\nbackground-color:#f03492;\ncolor:#ffffff;\ntransition:all 0.4s ease-in-out;\n}\n#top #wrap_all .avia-button.av-v9ey4-07a6657c6a34cdb04e6106100bfee115:hover .avia-svg-icon svg:first-child{\nfill:#ffffff;\nstroke:#ffffff;\n}\n<\/style>\n<a href='https:\/\/www.bedandbreakfastrodi.com\/de\/kontakte-bed-breakfast-rhodos-griechenland\/' class='avia-color-theme-color avia-font-color-theme-color avia-button avia-button-fullwidth av-v9ey4-07a6657c6a34cdb04e6106100bfee115 avia-icon_select-no avia-color-theme-color'   aria-label=\"Kontaktieren Sie uns f\u00fcr weitere Informationen!\"><span class='avia_iconbox_title' >Kontaktieren Sie uns f\u00fcr weitere Informationen!<\/span><\/a><\/div><\/p>\n\n<style type=\"text\/css\" data-created_by=\"avia_inline_auto\" id=\"style-css-av-rpis4-48e95b2e72579443d25be460512c4942\">\n.avia-section.av-rpis4-48e95b2e72579443d25be460512c4942{\nbackground-repeat:no-repeat;\nbackground-image:url(https:\/\/www.bedandbreakfastrodi.com\/wp-content\/uploads\/2016\/02\/baia-di-stegna.jpg);\nbackground-position:50% 100%;\nbackground-attachment:fixed;\n}\n.avia-section.av-rpis4-48e95b2e72579443d25be460512c4942 .av-section-color-overlay{\nopacity:0.3;\nbackground-color:#2d5c88;\n}\n.avia-section.av-rpis4-48e95b2e72579443d25be460512c4942 .av-extra-border-element .av-extra-border-inner{\nbackground-color:#ffffff;\n}\n<\/style>\n<div id='av_section_3'  class='avia-section av-rpis4-48e95b2e72579443d25be460512c4942 main_color avia-section-default avia-no-border-styling  avia-builder-el-13  el_after_av_button_big  avia-builder-el-last  avia-full-stretch avia-bg-style-fixed av-section-color-overlay-active av-arrow-down-section av-minimum-height av-minimum-height-custom av-height-custom  container_wrap sidebar_right'  data-section-bg-repeat='stretch' data-av_minimum_height_px='300'><div class=\"av-section-color-overlay-wrap\"><div class=\"av-section-color-overlay\"><\/div><div class='container av-section-cont-open' style='height:300px'><div class='template-page content  av-content-small alpha units'><div class='post-entry post-entry-type-page post-entry-801'><div class='entry-content-wrapper clearfix'>\n\n<style type=\"text\/css\" data-created_by=\"avia_inline_auto\" id=\"style-css-av-jakx0-18d547bba6f392f3958b92978e199cfa\">\n.flex_column.av-jakx0-18d547bba6f392f3958b92978e199cfa{\nborder-radius:0px 0px 0px 0px;\npadding:0px 0px 0px 0px;\n}\n<\/style>\n<div  class='flex_column av-jakx0-18d547bba6f392f3958b92978e199cfa av_one_full  avia-builder-el-14  avia-builder-el-no-sibling  first flex_column_div av-zero-column-padding  '     ><p>\n<style type=\"text\/css\" data-created_by=\"avia_inline_auto\" id=\"style-css-av-kiu6zlpk-496cc0a7e3ba2d557e61893b0a5032ef\">\n#top .av-special-heading.av-kiu6zlpk-496cc0a7e3ba2d557e61893b0a5032ef{\npadding-bottom:10px;\ncolor:#ffffff;\nfont-size:45px;\n}\nbody .av-special-heading.av-kiu6zlpk-496cc0a7e3ba2d557e61893b0a5032ef .av-special-heading-tag .heading-char{\nfont-size:25px;\n}\n#top #wrap_all .av-special-heading.av-kiu6zlpk-496cc0a7e3ba2d557e61893b0a5032ef .av-special-heading-tag{\nfont-size:45px;\n}\n.av-special-heading.av-kiu6zlpk-496cc0a7e3ba2d557e61893b0a5032ef .special-heading-inner-border{\nborder-color:#ffffff;\n}\n.av-special-heading.av-kiu6zlpk-496cc0a7e3ba2d557e61893b0a5032ef .av-subheading{\nfont-size:15px;\n}\n\n@media only screen and (min-width: 480px) and (max-width: 767px){ \n#top #wrap_all .av-special-heading.av-kiu6zlpk-496cc0a7e3ba2d557e61893b0a5032ef .av-special-heading-tag{\nfont-size:0.8em;\n}\n}\n\n@media only screen and (max-width: 479px){ \n#top #wrap_all .av-special-heading.av-kiu6zlpk-496cc0a7e3ba2d557e61893b0a5032ef .av-special-heading-tag{\nfont-size:0.8em;\n}\n}\n<\/style>\n<div  class='av-special-heading av-kiu6zlpk-496cc0a7e3ba2d557e61893b0a5032ef av-special-heading-h1 custom-color-heading blockquote modern-quote modern-centered  avia-builder-el-15  el_before_av_textblock  avia-builder-el-first  av-inherit-size'><h1 class='av-special-heading-tag '  itemprop=\"headline\"  >Die Bucht von Stegna<\/h1><div class=\"special-heading-border\"><div class=\"special-heading-inner-border\"><\/div><\/div><\/div><br \/>\n\n<style type=\"text\/css\" data-created_by=\"avia_inline_auto\" id=\"style-css-av-azcjg-95a2df80c0f0968d43a05494c9dada17\">\n#top .av_textblock_section.av-azcjg-95a2df80c0f0968d43a05494c9dada17 .avia_textblock{\nfont-size:18px;\ncolor:#ffffff;\n}\n<\/style>\n<section  class='av_textblock_section av-azcjg-95a2df80c0f0968d43a05494c9dada17 '   itemscope=\"itemscope\" itemtype=\"https:\/\/schema.org\/CreativeWork\" ><div class='avia_textblock av_inherit_color'  itemprop=\"text\" ><p style=\"text-align: center;\">Die <strong>Bucht von STEGNA<\/strong> ist ein altes \u00f6rtliches Fischerdorf, das sich im Laufe der Jahre allm\u00e4hlich umgewandelt hat. Heute ist es ein einladender Touristenort geworden, der ohne von dem gro\u00dfen Massentourismus entartet worden zu sein, die Atmosph\u00e4re des kleinen Meeresortes, typisch t\u00fcr die grichischen Inseln, beibehalten hat.<\/p>\n<\/div><\/section><\/p><\/div><\/div><\/div><\/div><!-- close content main div --><\/div><div class='av-extra-border-element border-extra-arrow-down'><div class='av-extra-border-outer'><div class='av-extra-border-inner'><\/div><\/div><\/div><\/div><\/div><div id='after_section_3'  class='main_color av_default_container_wrap container_wrap sidebar_right'  ><div class='container av-section-cont-open' ><div class='template-page content  av-content-small alpha units'><div class='post-entry post-entry-type-page post-entry-801'><div class='entry-content-wrapper clearfix'>\n","protected":false},"excerpt":{"rendered":"","protected":false},"author":1,"featured_media":0,"parent":0,"menu_order":0,"comment_status":"closed","ping_status":"closed","template":"","meta":{"footnotes":""},"class_list":["post-801","page","type-page","status-publish","hentry"],"yoast_head":"<!-- This site is optimized with the Yoast SEO plugin v27.2 - https:\/\/yoast.com\/product\/yoast-seo-wordpress\/ -->\n<title>Wo befinden sich die Bouganville Studios in Rhodos<\/title>\n<meta name=\"description\" content=\"Stegna Beach Sea View Apartments Vermietung - Ferienwohnungen und Zimmer f\u00fcr Urlaub in Rhodos, Griechenland.\" \/>\n<meta name=\"robots\" content=\"index, follow, max-snippet:-1, max-image-preview:large, max-video-preview:-1\" \/>\n<link rel=\"canonical\" href=\"https:\/\/www.bedandbreakfastrodi.com\/de\/wo-wir-sind\/\" \/>\n<meta property=\"og:locale\" content=\"de_DE\" \/>\n<meta property=\"og:type\" content=\"article\" \/>\n<meta property=\"og:title\" content=\"Wo befinden sich die Bouganville Studios in Rhodos\" \/>\n<meta property=\"og:description\" content=\"Stegna Beach Sea View Apartments Vermietung - Ferienwohnungen und Zimmer f\u00fcr Urlaub in Rhodos, Griechenland.\" \/>\n<meta property=\"og:url\" content=\"https:\/\/www.bedandbreakfastrodi.com\/de\/wo-wir-sind\/\" \/>\n<meta property=\"og:site_name\" content=\"Bouganville Bed &amp; Breakfast\" \/>\n<meta property=\"article:modified_time\" content=\"2020-12-18T11:34:15+00:00\" \/>\n<meta name=\"twitter:card\" content=\"summary_large_image\" \/>\n<meta name=\"twitter:label1\" content=\"Gesch\u00e4tzte Lesezeit\" \/>\n\t<meta name=\"twitter:data1\" content=\"7\u00a0Minuten\" \/>\n<script type=\"application\/ld+json\" class=\"yoast-schema-graph\">{\"@context\":\"https:\/\/schema.org\",\"@graph\":[{\"@type\":\"WebPage\",\"@id\":\"https:\/\/www.bedandbreakfastrodi.com\/de\/wo-wir-sind\/\",\"url\":\"https:\/\/www.bedandbreakfastrodi.com\/de\/wo-wir-sind\/\",\"name\":\"Wo befinden sich die Bouganville Studios in Rhodos\",\"isPartOf\":{\"@id\":\"https:\/\/www.bedandbreakfastrodi.com\/#website\"},\"datePublished\":\"2016-02-13T16:40:24+00:00\",\"dateModified\":\"2020-12-18T11:34:15+00:00\",\"description\":\"Stegna Beach Sea View Apartments Vermietung - Ferienwohnungen und Zimmer f\u00fcr Urlaub in Rhodos, Griechenland.\",\"breadcrumb\":{\"@id\":\"https:\/\/www.bedandbreakfastrodi.com\/de\/wo-wir-sind\/#breadcrumb\"},\"inLanguage\":\"de\",\"potentialAction\":[{\"@type\":\"ReadAction\",\"target\":[\"https:\/\/www.bedandbreakfastrodi.com\/de\/wo-wir-sind\/\"]}]},{\"@type\":\"BreadcrumbList\",\"@id\":\"https:\/\/www.bedandbreakfastrodi.com\/de\/wo-wir-sind\/#breadcrumb\",\"itemListElement\":[{\"@type\":\"ListItem\",\"position\":1,\"name\":\"Home\",\"item\":\"https:\/\/www.bedandbreakfastrodi.com\/de\/\"},{\"@type\":\"ListItem\",\"position\":2,\"name\":\"Wo wir sind\"}]},{\"@type\":\"WebSite\",\"@id\":\"https:\/\/www.bedandbreakfastrodi.com\/#website\",\"url\":\"https:\/\/www.bedandbreakfastrodi.com\/\",\"name\":\"Bouganville Bed &amp; Breakfast\",\"description\":\"Bed and Breakfast a Rodi - Grecia\",\"potentialAction\":[{\"@type\":\"SearchAction\",\"target\":{\"@type\":\"EntryPoint\",\"urlTemplate\":\"https:\/\/www.bedandbreakfastrodi.com\/?s={search_term_string}\"},\"query-input\":{\"@type\":\"PropertyValueSpecification\",\"valueRequired\":true,\"valueName\":\"search_term_string\"}}],\"inLanguage\":\"de\"}]}<\/script>\n<!-- \/ Yoast SEO plugin. -->","yoast_head_json":{"title":"Wo befinden sich die Bouganville Studios in Rhodos","description":"Stegna Beach Sea View Apartments Vermietung - Ferienwohnungen und Zimmer f\u00fcr Urlaub in Rhodos, Griechenland.","robots":{"index":"index","follow":"follow","max-snippet":"max-snippet:-1","max-image-preview":"max-image-preview:large","max-video-preview":"max-video-preview:-1"},"canonical":"https:\/\/www.bedandbreakfastrodi.com\/de\/wo-wir-sind\/","og_locale":"de_DE","og_type":"article","og_title":"Wo befinden sich die Bouganville Studios in Rhodos","og_description":"Stegna Beach Sea View Apartments Vermietung - Ferienwohnungen und Zimmer f\u00fcr Urlaub in Rhodos, Griechenland.","og_url":"https:\/\/www.bedandbreakfastrodi.com\/de\/wo-wir-sind\/","og_site_name":"Bouganville Bed &amp; Breakfast","article_modified_time":"2020-12-18T11:34:15+00:00","twitter_card":"summary_large_image","twitter_misc":{"Gesch\u00e4tzte Lesezeit":"7\u00a0Minuten"},"schema":{"@context":"https:\/\/schema.org","@graph":[{"@type":"WebPage","@id":"https:\/\/www.bedandbreakfastrodi.com\/de\/wo-wir-sind\/","url":"https:\/\/www.bedandbreakfastrodi.com\/de\/wo-wir-sind\/","name":"Wo befinden sich die Bouganville Studios in Rhodos","isPartOf":{"@id":"https:\/\/www.bedandbreakfastrodi.com\/#website"},"datePublished":"2016-02-13T16:40:24+00:00","dateModified":"2020-12-18T11:34:15+00:00","description":"Stegna Beach Sea View Apartments Vermietung - Ferienwohnungen und Zimmer f\u00fcr Urlaub in Rhodos, Griechenland.","breadcrumb":{"@id":"https:\/\/www.bedandbreakfastrodi.com\/de\/wo-wir-sind\/#breadcrumb"},"inLanguage":"de","potentialAction":[{"@type":"ReadAction","target":["https:\/\/www.bedandbreakfastrodi.com\/de\/wo-wir-sind\/"]}]},{"@type":"BreadcrumbList","@id":"https:\/\/www.bedandbreakfastrodi.com\/de\/wo-wir-sind\/#breadcrumb","itemListElement":[{"@type":"ListItem","position":1,"name":"Home","item":"https:\/\/www.bedandbreakfastrodi.com\/de\/"},{"@type":"ListItem","position":2,"name":"Wo wir sind"}]},{"@type":"WebSite","@id":"https:\/\/www.bedandbreakfastrodi.com\/#website","url":"https:\/\/www.bedandbreakfastrodi.com\/","name":"Bouganville Bed &amp; Breakfast","description":"Bed and Breakfast a Rodi - Grecia","potentialAction":[{"@type":"SearchAction","target":{"@type":"EntryPoint","urlTemplate":"https:\/\/www.bedandbreakfastrodi.com\/?s={search_term_string}"},"query-input":{"@type":"PropertyValueSpecification","valueRequired":true,"valueName":"search_term_string"}}],"inLanguage":"de"}]}},"_links":{"self":[{"href":"https:\/\/www.bedandbreakfastrodi.com\/de\/wp-json\/wp\/v2\/pages\/801","targetHints":{"allow":["GET"]}}],"collection":[{"href":"https:\/\/www.bedandbreakfastrodi.com\/de\/wp-json\/wp\/v2\/pages"}],"about":[{"href":"https:\/\/www.bedandbreakfastrodi.com\/de\/wp-json\/wp\/v2\/types\/page"}],"author":[{"embeddable":true,"href":"https:\/\/www.bedandbreakfastrodi.com\/de\/wp-json\/wp\/v2\/users\/1"}],"replies":[{"embeddable":true,"href":"https:\/\/www.bedandbreakfastrodi.com\/de\/wp-json\/wp\/v2\/comments?post=801"}],"version-history":[{"count":4,"href":"https:\/\/www.bedandbreakfastrodi.com\/de\/wp-json\/wp\/v2\/pages\/801\/revisions"}],"predecessor-version":[{"id":3131,"href":"https:\/\/www.bedandbreakfastrodi.com\/de\/wp-json\/wp\/v2\/pages\/801\/revisions\/3131"}],"wp:attachment":[{"href":"https:\/\/www.bedandbreakfastrodi.com\/de\/wp-json\/wp\/v2\/media?parent=801"}],"curies":[{"name":"wp","href":"https:\/\/api.w.org\/{rel}","templated":true}]}}