{"id":1090,"date":"2016-02-13T10:10:52","date_gmt":"2016-02-13T09:10:52","guid":{"rendered":"https:\/\/www.bedandbreakfastrodi.com\/contatti-bouganville-studios-rodi-grecia\/"},"modified":"2020-12-17T10:15:55","modified_gmt":"2020-12-17T09:15:55","slug":"contacter-bed-breakfast-rhodes-grece","status":"publish","type":"page","link":"https:\/\/www.bedandbreakfastrodi.com\/fr\/contacter-bed-breakfast-rhodes-grece\/","title":{"rendered":"Contacter Bed and Breakfast Rhodes Gr\u00e8ce"},"content":{"rendered":"\n\n<style type=\"text\/css\" data-created_by=\"avia_inline_auto\" id=\"style-css-av-1lxjnq-7faf307867fe45d7f3bc57c7dbe3be2a\">\n.flex_column.av-1lxjnq-7faf307867fe45d7f3bc57c7dbe3be2a{\nborder-radius:0px 0px 0px 0px;\npadding:0px 0px 0px 0px;\n}\n<\/style>\n<div  class='flex_column av-1lxjnq-7faf307867fe45d7f3bc57c7dbe3be2a av_two_fifth  avia-builder-el-1  el_after_av_codeblock  el_before_av_three_fifth  first flex_column_div av-zero-column-padding  '     ><style type=\"text\/css\" data-created_by=\"avia_inline_auto\" id=\"style-css-av-1dbczq-efa154b23f65dd06ab1f30ba6debd03c\">\n#top .av_textblock_section.av-1dbczq-efa154b23f65dd06ab1f30ba6debd03c .avia_textblock{\nfont-size:20px;\n}\n<\/style>\n<section  class='av_textblock_section av-1dbczq-efa154b23f65dd06ab1f30ba6debd03c '   itemscope=\"itemscope\" itemtype=\"https:\/\/schema.org\/CreativeWork\" ><div class='avia_textblock'  itemprop=\"text\" ><h1><strong>Bed and Breakfast Rhodes<\/strong><\/h1>\n<p>Archangelos \u2013 Stegna Beach<br \/>\nIle de Rhodes (Gr\u00e8ce)<\/p>\n<p>Identifiant fiscal: 99734139<\/p>\n<\/div><\/section><br \/>\n\n<style type=\"text\/css\" data-created_by=\"avia_inline_auto\" id=\"style-css-av-1af1la-b99aac2a756a75a7e34a72d8eab92fb1\">\n#top .hr.av-1af1la-b99aac2a756a75a7e34a72d8eab92fb1{\nmargin-top:30px;\nmargin-bottom:30px;\n}\n.hr.av-1af1la-b99aac2a756a75a7e34a72d8eab92fb1 .hr-inner{\nwidth:50px;\nmax-width:45%;\n}\n<\/style>\n<div  class='hr av-1af1la-b99aac2a756a75a7e34a72d8eab92fb1 hr-custom  avia-builder-el-3  el_after_av_textblock  el_before_av_icon_box  hr-left hr-icon-yes'><span class='hr-inner inner-border-av-border-thin'><span class=\"hr-inner-style\"><\/span><\/span><span class='av-seperator-icon avia-iconfont avia-font-entypo-fontello' data-av_icon='\ue8ce' data-av_iconfont='entypo-fontello' ><\/span><span class='hr-inner inner-border-av-border-thin'><span class=\"hr-inner-style\"><\/span><\/span><\/div><br \/>\n\n<style type=\"text\/css\" data-created_by=\"avia_inline_auto\" id=\"style-css-av-124nb2-c4faff69994a0a62ff5443d65f77a273\">\n.iconbox.av-124nb2-c4faff69994a0a62ff5443d65f77a273 .iconbox_icon{\nbackground-color:#fe4043;\nborder:1px solid #ffffff;\ncolor:#ffffff;\n}\n.iconbox.av-124nb2-c4faff69994a0a62ff5443d65f77a273 .iconbox_icon.avia-svg-icon svg:first-child{\nfill:#ffffff;\nstroke:#ffffff;\n}\n<\/style>\n<article  class='iconbox iconbox_left_content av-124nb2-c4faff69994a0a62ff5443d65f77a273  avia-builder-el-4  el_after_av_hr  el_before_av_icon_box '  itemscope=\"itemscope\" itemtype=\"https:\/\/schema.org\/CreativeWork\" ><div class='iconbox_icon heading-color avia-iconfont avia-font-entypo-fontello' data-av_icon='\ue854' data-av_iconfont='entypo-fontello'  ><\/div><div class=\"iconbox_content\"><header class=\"entry-content-header\" aria-label=\"Ic\u00f4ne : Coordonn\u00e9es\"><h3 class='iconbox_content_title '  itemprop=\"headline\" >Coordonn\u00e9es<\/h3><\/header><div class='iconbox_content_container '  itemprop=\"text\" ><p>T\u00e9l\u00e9phone: +30 2244023692<br \/>\nPortable: +30 6906243955 <strong>(Nadia)<\/strong><br \/>\nPortable: +39 339 5714217 <strong>(Nadia)<\/strong><br \/>\nPortable: +39 335 5860067 <strong>(Antonio)<\/strong><br \/>\n<strong>Adresse \u00e9lectronique:<\/strong> <a href=\"mailto:info@bedandbreakfastrodi.com\">info@bedandbreakfastrodi.com<\/a><\/p>\n<\/div><\/div><footer class=\"entry-footer\"><\/footer><\/article><br \/>\n\n<style type=\"text\/css\" data-created_by=\"avia_inline_auto\" id=\"style-css-av-wdx6e-fd917372657335ab471ebd69fa998303\">\n.iconbox.av-wdx6e-fd917372657335ab471ebd69fa998303 .iconbox_icon{\nbackground-color:#fe4043;\nborder:1px solid #ffffff;\ncolor:#ffffff;\n}\n.iconbox.av-wdx6e-fd917372657335ab471ebd69fa998303 .iconbox_icon.avia-svg-icon svg:first-child{\nfill:#ffffff;\nstroke:#ffffff;\n}\n<\/style>\n<article  class='iconbox iconbox_left_content av-wdx6e-fd917372657335ab471ebd69fa998303  avia-builder-el-5  el_after_av_icon_box  el_before_av_image '  itemscope=\"itemscope\" itemtype=\"https:\/\/schema.org\/CreativeWork\" ><div class='iconbox_icon heading-color avia-iconfont avia-font-entypo-fontello' data-av_icon='\ue805' data-av_iconfont='entypo-fontello'  ><\/div><div class=\"iconbox_content\"><header class=\"entry-content-header\" aria-label=\"Ic\u00f4ne : Envoyez-nous un message \"><h3 class='iconbox_content_title '  itemprop=\"headline\" >Envoyez-nous un message <\/h3><\/header><div class='iconbox_content_container '  itemprop=\"text\" ><p>Pour nous envoyer un message ou pour une demande d\u2019informations, remplissez le formulaire ci-contre, et nous vous r\u00e9pondrons dans les plus brefs d\u00e9lais.<\/p>\n<p><strong>Merci!<\/strong><\/p>\n<\/div><\/div><footer class=\"entry-footer\"><\/footer><\/article><br \/>\n\n<style type=\"text\/css\" data-created_by=\"avia_inline_auto\" id=\"style-css-av-tjfd2-613f0933393e211d3144808f98f7c2f3\">\n.avia-image-container.av-tjfd2-613f0933393e211d3144808f98f7c2f3 img.avia_image{\nbox-shadow:none;\n}\n.avia-image-container.av-tjfd2-613f0933393e211d3144808f98f7c2f3 .av-image-caption-overlay-center{\ncolor:#ffffff;\n}\n<\/style>\n<div  class='avia-image-container av-tjfd2-613f0933393e211d3144808f98f7c2f3 av-styling- avia-align-center  avia-builder-el-6  el_after_av_icon_box  avia-builder-el-last '   itemprop=\"image\" itemscope=\"itemscope\" itemtype=\"https:\/\/schema.org\/ImageObject\" ><div class=\"avia-image-container-inner\"><div class=\"avia-image-overlay-wrap\"><img decoding=\"async\" fetchpriority=\"high\" class='wp-image-2801 avia-img-lazy-loading-not-2801 avia_image ' src=\"https:\/\/www.bedandbreakfastrodi.com\/wp-content\/uploads\/2020\/12\/bed-and-breakfast-rodi-tramonto04.jpg\" alt='bed and breakfast rodi tramonto04' title='bed and breakfast rodi tramonto04'  height=\"1000\" width=\"750\"  itemprop=\"thumbnailUrl\" srcset=\"https:\/\/www.bedandbreakfastrodi.com\/wp-content\/uploads\/2020\/12\/bed-and-breakfast-rodi-tramonto04.jpg 750w, https:\/\/www.bedandbreakfastrodi.com\/wp-content\/uploads\/2020\/12\/bed-and-breakfast-rodi-tramonto04-225x300.jpg 225w, https:\/\/www.bedandbreakfastrodi.com\/wp-content\/uploads\/2020\/12\/bed-and-breakfast-rodi-tramonto04-529x705.jpg 529w\" sizes=\"(max-width: 750px) 100vw, 750px\" \/><\/div><\/div><\/div><\/p><\/div>\n<style type=\"text\/css\" data-created_by=\"avia_inline_auto\" id=\"style-css-av-lhqcm-826e1179fd2b2603824531be97891949\">\n.flex_column.av-lhqcm-826e1179fd2b2603824531be97891949{\nborder-radius:0px 0px 0px 0px;\npadding:0px 0px 0px 0px;\n}\n<\/style>\n<div  class='flex_column av-lhqcm-826e1179fd2b2603824531be97891949 av_three_fifth  avia-builder-el-7  el_after_av_two_fifth  el_before_av_codeblock  flex_column_div av-zero-column-padding  '     ><section  class='av_textblock_section av-e6yh2-899b4380895ef6a6baff0e6ab2be3814 '   itemscope=\"itemscope\" itemtype=\"https:\/\/schema.org\/CreativeWork\" ><div class='avia_textblock'  itemprop=\"text\" ><div class=\"QmZWSe\">\n<h1 class=\"DHcWmd\">Formulaire de contact<\/h1>\n<\/div>\n<\/div><\/section><br \/>\n<section  class='av_textblock_section av-9ehda-a7efbc773e26a0937a0a06b55d749036 '   itemscope=\"itemscope\" itemtype=\"https:\/\/schema.org\/CreativeWork\" ><div class='avia_textblock'  itemprop=\"text\" >\n<div class=\"wpcf7 no-js\" id=\"wpcf7-f1092-o1\" lang=\"it-IT\" dir=\"ltr\" data-wpcf7-id=\"1092\">\n<div class=\"screen-reader-response\"><p role=\"status\" aria-live=\"polite\" aria-atomic=\"true\"><\/p> <ul><\/ul><\/div>\n<form action=\"\/fr\/wp-json\/wp\/v2\/pages\/1090#wpcf7-f1092-o1\" method=\"post\" class=\"wpcf7-form init\" aria-label=\"Modulo di contatto\" novalidate=\"novalidate\" data-status=\"init\">\n<fieldset class=\"hidden-fields-container\"><input type=\"hidden\" name=\"_wpcf7\" value=\"1092\" \/><input type=\"hidden\" name=\"_wpcf7_version\" value=\"6.1.5\" \/><input type=\"hidden\" name=\"_wpcf7_locale\" value=\"it_IT\" \/><input type=\"hidden\" name=\"_wpcf7_unit_tag\" value=\"wpcf7-f1092-o1\" \/><input type=\"hidden\" name=\"_wpcf7_container_post\" value=\"0\" \/><input type=\"hidden\" name=\"_wpcf7_posted_data_hash\" value=\"\" \/><input type=\"hidden\" name=\"_wpcf7_recaptcha_response\" value=\"\" \/>\n<\/fieldset>\n<p>Nom et pr\u00e9nom*\n<\/p>\n<p><span class=\"wpcf7-form-control-wrap\" data-name=\"your-name\"><input size=\"40\" maxlength=\"400\" class=\"wpcf7-form-control wpcf7-text wpcf7-validates-as-required\" aria-required=\"true\" aria-invalid=\"false\" value=\"\" type=\"text\" name=\"your-name\" \/><\/span>\n<\/p>\n<p>Email*\n<\/p>\n<p><span class=\"wpcf7-form-control-wrap\" data-name=\"your-email\"><input size=\"40\" maxlength=\"400\" class=\"wpcf7-form-control wpcf7-email wpcf7-validates-as-required wpcf7-text wpcf7-validates-as-email\" aria-required=\"true\" aria-invalid=\"false\" value=\"\" type=\"email\" name=\"your-email\" \/><\/span>\n<\/p>\n<p>T\u00e9l\u00e9phone\n<\/p>\n<p><span class=\"wpcf7-form-control-wrap\" data-name=\"Telefono\"><input size=\"40\" maxlength=\"400\" class=\"wpcf7-form-control wpcf7-text\" aria-invalid=\"false\" value=\"\" type=\"text\" name=\"Telefono\" \/><\/span>\n<\/p>\n<p>Nombre de personnes\n<\/p>\n<p><span class=\"wpcf7-form-control-wrap\" data-name=\"Numeropersone\"><input size=\"40\" maxlength=\"400\" class=\"wpcf7-form-control wpcf7-text\" aria-invalid=\"false\" value=\"\" type=\"text\" name=\"Numeropersone\" \/><\/span>\n<\/p>\n<p>D\u00e9but s\u00e9jour\n<\/p>\n<p><span class=\"wpcf7-form-control-wrap\" data-name=\"inizioperiodotext\"><input size=\"40\" maxlength=\"400\" class=\"wpcf7-form-control wpcf7-text\" aria-invalid=\"false\" value=\"\" type=\"text\" name=\"inizioperiodotext\" \/><\/span>\n<\/p>\n<p>Fin s\u00e9jour\n<\/p>\n<p><span class=\"wpcf7-form-control-wrap\" data-name=\"fineperiodotext\"><input size=\"40\" maxlength=\"400\" class=\"wpcf7-form-control wpcf7-text\" aria-invalid=\"false\" value=\"\" type=\"text\" name=\"fineperiodotext\" \/><\/span>\n<\/p>\n<p>Message\n<\/p>\n<p><span class=\"wpcf7-form-control-wrap\" data-name=\"your-message\"><textarea cols=\"40\" rows=\"10\" maxlength=\"2000\" class=\"wpcf7-form-control wpcf7-textarea\" aria-invalid=\"false\" name=\"your-message\"><\/textarea><\/span>\n<\/p>\n<p><strong><a href=\"\/fr\/privacy-cookie-policy\/\" target=\"_blank\">Privacy Policy<\/a><\/strong>\n<\/p>\n<p><span class=\"wpcf7-form-control-wrap\" data-name=\"checkbox-437\"><span class=\"wpcf7-form-control wpcf7-checkbox wpcf7-validates-as-required\"><span class=\"wpcf7-list-item first last\"><input type=\"checkbox\" name=\"checkbox-437[]\" value=\"D\u00e9claration de consentement au Traitement des donn\u00e9es personnelles. Je d\u00e9clare avoir lu le document ci-dessus  autorisant le traitement de mes donn\u00e9es personnelles\" \/><span class=\"wpcf7-list-item-label\">D\u00e9claration de consentement au Traitement des donn\u00e9es personnelles. Je d\u00e9clare avoir lu le document ci-dessus  autorisant le traitement de mes donn\u00e9es personnelles<\/span><\/span><\/span><\/span>\n<\/p>\n<p>\n\n<\/p>\n<p><input class=\"wpcf7-form-control wpcf7-submit has-spinner\" type=\"submit\" value=\"Soumettre\" \/>\n<\/p><div class=\"wpcf7-response-output\" aria-hidden=\"true\"><\/div>\n<\/form>\n<\/div>\n\n<\/div><\/section><\/p><\/div><\/p>\n","protected":false},"excerpt":{"rendered":"","protected":false},"author":1,"featured_media":0,"parent":0,"menu_order":0,"comment_status":"closed","ping_status":"closed","template":"","meta":{"footnotes":""},"class_list":["post-1090","page","type-page","status-publish","hentry"],"yoast_head":"<!-- This site is optimized with the Yoast SEO plugin v27.2 - https:\/\/yoast.com\/product\/yoast-seo-wordpress\/ -->\n<title>Contacter Bed and Breakfast Ile de Rhodes Gr\u00e8ce<\/title>\n<meta name=\"description\" content=\"Contactez Bouganville Bed &amp; Breakfast \u00e0 louer chambres vue mer \u00e0 Rhodes Gr\u00e8ce. Location de vacances sur les \u00eeles grecques.\" \/>\n<meta name=\"robots\" content=\"index, follow, max-snippet:-1, max-image-preview:large, max-video-preview:-1\" \/>\n<link rel=\"canonical\" href=\"https:\/\/www.bedandbreakfastrodi.com\/fr\/contacter-bed-breakfast-rhodes-grece\/\" \/>\n<meta property=\"og:locale\" content=\"fr_FR\" \/>\n<meta property=\"og:type\" content=\"article\" \/>\n<meta property=\"og:title\" content=\"Contacter Bed and Breakfast Ile de Rhodes Gr\u00e8ce\" \/>\n<meta property=\"og:description\" content=\"Contactez Bouganville Bed &amp; Breakfast \u00e0 louer chambres vue mer \u00e0 Rhodes Gr\u00e8ce. Location de vacances sur les \u00eeles grecques.\" \/>\n<meta property=\"og:url\" content=\"https:\/\/www.bedandbreakfastrodi.com\/fr\/contacter-bed-breakfast-rhodes-grece\/\" \/>\n<meta property=\"og:site_name\" content=\"Bouganville Bed &amp; Breakfast\" \/>\n<meta property=\"article:modified_time\" content=\"2020-12-17T09:15:55+00:00\" \/>\n<meta name=\"twitter:card\" content=\"summary_large_image\" \/>\n<meta name=\"twitter:label1\" content=\"Dur\u00e9e de lecture estim\u00e9e\" \/>\n\t<meta name=\"twitter:data1\" content=\"3 minutes\" \/>\n<script type=\"application\/ld+json\" class=\"yoast-schema-graph\">{\"@context\":\"https:\/\/schema.org\",\"@graph\":[{\"@type\":\"WebPage\",\"@id\":\"https:\/\/www.bedandbreakfastrodi.com\/fr\/contacter-bed-breakfast-rhodes-grece\/\",\"url\":\"https:\/\/www.bedandbreakfastrodi.com\/fr\/contacter-bed-breakfast-rhodes-grece\/\",\"name\":\"Contacter Bed and Breakfast Ile de Rhodes Gr\u00e8ce\",\"isPartOf\":{\"@id\":\"https:\/\/www.bedandbreakfastrodi.com\/#website\"},\"datePublished\":\"2016-02-13T09:10:52+00:00\",\"dateModified\":\"2020-12-17T09:15:55+00:00\",\"description\":\"Contactez Bouganville Bed & Breakfast \u00e0 louer chambres vue mer \u00e0 Rhodes Gr\u00e8ce. Location de vacances sur les \u00eeles grecques.\",\"breadcrumb\":{\"@id\":\"https:\/\/www.bedandbreakfastrodi.com\/fr\/contacter-bed-breakfast-rhodes-grece\/#breadcrumb\"},\"inLanguage\":\"fr-FR\",\"potentialAction\":[{\"@type\":\"ReadAction\",\"target\":[\"https:\/\/www.bedandbreakfastrodi.com\/fr\/contacter-bed-breakfast-rhodes-grece\/\"]}]},{\"@type\":\"BreadcrumbList\",\"@id\":\"https:\/\/www.bedandbreakfastrodi.com\/fr\/contacter-bed-breakfast-rhodes-grece\/#breadcrumb\",\"itemListElement\":[{\"@type\":\"ListItem\",\"position\":1,\"name\":\"Home\",\"item\":\"https:\/\/www.bedandbreakfastrodi.com\/fr\/\"},{\"@type\":\"ListItem\",\"position\":2,\"name\":\"Contacter Bed and Breakfast Rhodes Gr\u00e8ce\"}]},{\"@type\":\"WebSite\",\"@id\":\"https:\/\/www.bedandbreakfastrodi.com\/#website\",\"url\":\"https:\/\/www.bedandbreakfastrodi.com\/\",\"name\":\"Bouganville Bed &amp; Breakfast\",\"description\":\"Bed and Breakfast a Rodi - Grecia\",\"potentialAction\":[{\"@type\":\"SearchAction\",\"target\":{\"@type\":\"EntryPoint\",\"urlTemplate\":\"https:\/\/www.bedandbreakfastrodi.com\/?s={search_term_string}\"},\"query-input\":{\"@type\":\"PropertyValueSpecification\",\"valueRequired\":true,\"valueName\":\"search_term_string\"}}],\"inLanguage\":\"fr-FR\"}]}<\/script>\n<!-- \/ Yoast SEO plugin. -->","yoast_head_json":{"title":"Contacter Bed and Breakfast Ile de Rhodes Gr\u00e8ce","description":"Contactez Bouganville Bed & Breakfast \u00e0 louer chambres vue mer \u00e0 Rhodes Gr\u00e8ce. Location de vacances sur les \u00eeles grecques.","robots":{"index":"index","follow":"follow","max-snippet":"max-snippet:-1","max-image-preview":"max-image-preview:large","max-video-preview":"max-video-preview:-1"},"canonical":"https:\/\/www.bedandbreakfastrodi.com\/fr\/contacter-bed-breakfast-rhodes-grece\/","og_locale":"fr_FR","og_type":"article","og_title":"Contacter Bed and Breakfast Ile de Rhodes Gr\u00e8ce","og_description":"Contactez Bouganville Bed & Breakfast \u00e0 louer chambres vue mer \u00e0 Rhodes Gr\u00e8ce. Location de vacances sur les \u00eeles grecques.","og_url":"https:\/\/www.bedandbreakfastrodi.com\/fr\/contacter-bed-breakfast-rhodes-grece\/","og_site_name":"Bouganville Bed &amp; Breakfast","article_modified_time":"2020-12-17T09:15:55+00:00","twitter_card":"summary_large_image","twitter_misc":{"Dur\u00e9e de lecture estim\u00e9e":"3 minutes"},"schema":{"@context":"https:\/\/schema.org","@graph":[{"@type":"WebPage","@id":"https:\/\/www.bedandbreakfastrodi.com\/fr\/contacter-bed-breakfast-rhodes-grece\/","url":"https:\/\/www.bedandbreakfastrodi.com\/fr\/contacter-bed-breakfast-rhodes-grece\/","name":"Contacter Bed and Breakfast Ile de Rhodes Gr\u00e8ce","isPartOf":{"@id":"https:\/\/www.bedandbreakfastrodi.com\/#website"},"datePublished":"2016-02-13T09:10:52+00:00","dateModified":"2020-12-17T09:15:55+00:00","description":"Contactez Bouganville Bed & Breakfast \u00e0 louer chambres vue mer \u00e0 Rhodes Gr\u00e8ce. Location de vacances sur les \u00eeles grecques.","breadcrumb":{"@id":"https:\/\/www.bedandbreakfastrodi.com\/fr\/contacter-bed-breakfast-rhodes-grece\/#breadcrumb"},"inLanguage":"fr-FR","potentialAction":[{"@type":"ReadAction","target":["https:\/\/www.bedandbreakfastrodi.com\/fr\/contacter-bed-breakfast-rhodes-grece\/"]}]},{"@type":"BreadcrumbList","@id":"https:\/\/www.bedandbreakfastrodi.com\/fr\/contacter-bed-breakfast-rhodes-grece\/#breadcrumb","itemListElement":[{"@type":"ListItem","position":1,"name":"Home","item":"https:\/\/www.bedandbreakfastrodi.com\/fr\/"},{"@type":"ListItem","position":2,"name":"Contacter Bed and Breakfast Rhodes Gr\u00e8ce"}]},{"@type":"WebSite","@id":"https:\/\/www.bedandbreakfastrodi.com\/#website","url":"https:\/\/www.bedandbreakfastrodi.com\/","name":"Bouganville Bed &amp; Breakfast","description":"Bed and Breakfast a Rodi - Grecia","potentialAction":[{"@type":"SearchAction","target":{"@type":"EntryPoint","urlTemplate":"https:\/\/www.bedandbreakfastrodi.com\/?s={search_term_string}"},"query-input":{"@type":"PropertyValueSpecification","valueRequired":true,"valueName":"search_term_string"}}],"inLanguage":"fr-FR"}]}},"_links":{"self":[{"href":"https:\/\/www.bedandbreakfastrodi.com\/fr\/wp-json\/wp\/v2\/pages\/1090","targetHints":{"allow":["GET"]}}],"collection":[{"href":"https:\/\/www.bedandbreakfastrodi.com\/fr\/wp-json\/wp\/v2\/pages"}],"about":[{"href":"https:\/\/www.bedandbreakfastrodi.com\/fr\/wp-json\/wp\/v2\/types\/page"}],"author":[{"embeddable":true,"href":"https:\/\/www.bedandbreakfastrodi.com\/fr\/wp-json\/wp\/v2\/users\/1"}],"replies":[{"embeddable":true,"href":"https:\/\/www.bedandbreakfastrodi.com\/fr\/wp-json\/wp\/v2\/comments?post=1090"}],"version-history":[{"count":6,"href":"https:\/\/www.bedandbreakfastrodi.com\/fr\/wp-json\/wp\/v2\/pages\/1090\/revisions"}],"predecessor-version":[{"id":3048,"href":"https:\/\/www.bedandbreakfastrodi.com\/fr\/wp-json\/wp\/v2\/pages\/1090\/revisions\/3048"}],"wp:attachment":[{"href":"https:\/\/www.bedandbreakfastrodi.com\/fr\/wp-json\/wp\/v2\/media?parent=1090"}],"curies":[{"name":"wp","href":"https:\/\/api.w.org\/{rel}","templated":true}]}}